{"id":93,"date":"2014-01-28T01:01:21","date_gmt":"2014-01-27T23:01:21","guid":{"rendered":"https:\/\/aniali.anjamanleitner.de\/?page_id=93"},"modified":"2014-01-28T18:36:31","modified_gmt":"2014-01-28T16:36:31","slug":"sieh-die-welt-ein-foto-ein-moment-2","status":"publish","type":"page","link":"https:\/\/aniali.anjamanleitner.de\/","title":{"rendered":"Sieh die Welt, ein Foto, ein Moment"},"content":{"rendered":"<p><strong>Aktuell:\u00a0<\/strong><\/p>\n<p><strong>&#8230;bis in die siebte Generation<\/strong><\/p>\n<p>Ein Projekt von Anja Manleitner und Anja Kreysing.<\/p>\n<p><div style=\"width: 474px;\" class=\"wp-video\"><video class=\"wp-video-shortcode\" id=\"video-93-1\" width=\"474\" height=\"379\" preload=\"metadata\" controls=\"controls\"><source type=\"video\/mp4\" src=\"https:\/\/aniali.anjamanleitner.de\/wp-content\/uploads\/2014\/01\/bis_in_die_siebte_generation_-_trailer_600x480.mp4?_=1\" \/><a href=\"https:\/\/aniali.anjamanleitner.de\/wp-content\/uploads\/2014\/01\/bis_in_die_siebte_generation_-_trailer_600x480.mp4\">https:\/\/aniali.anjamanleitner.de\/wp-content\/uploads\/2014\/01\/bis_in_die_siebte_generation_-_trailer_600x480.mp4<\/a><\/video><\/div><br \/>\nWas ist uns vom Krieg geblieben?<\/p>\n<p>Anja Kreysing (Musik und Film) und Anja Manleitner (Bilder und Texte) zeigen in &#8222;&#8230;bis in die siebte Generation&#8220; die auch heute noch wahrnehmbaren Nuancen eines Krieges, in dem 52 Millionen Menschen ihr Leben lie\u00dfen.<br \/>\nAuswirkungen bis in die heutige Generation werden wahrnehmbar in einer einzigartigen Kombination aus Musik, Film und Erfahrungsberichten.<br \/>\nDiese Erfahrungsberichte stammen von Menschen, die den Krieg miterlebt haben, die im Krieg geboren wurden oder die erst nach dem Krieg geboren wurden.<br \/>\nDiese Berichte verweben sich zu einem Netz aus Geschichten, Erlebnissen und nicht deutbaren Erfahrungen, deren Ursprung nach langem schwerem Suchen in den Ereignissen des zweiten Weltkriegs zu finden sind.<\/p>\n<p>Vor dem Hintergrund der aktuellen weltweiten Kriege und B\u00fcrgerkriege haben diese Berichte nichts an Brisanz verloren. Stimmen aus Syrien, Afghanistan, Sudan&#8230; w\u00fcrden \u00e4hnliches berichten.<\/p>\n<p>Premiere im Herbst 2014, tba<\/p>\n<p><a title=\"Anja Kreysing\" href=\"http:\/\/www.anjakreysing.de\" target=\"_blank\">www.anjakreysing.de<\/a><br \/>\n<a title=\"Aniali\" href=\"https:\/\/aniali.anjamanleitner.de\" target=\"_blank\">www.aniali.de<\/a><\/p>\n","protected":false},"excerpt":{"rendered":"<p>Aktuell:\u00a0 &#8230;bis in die siebte Generation Ein Projekt von Anja Manleitner und Anja Kreysing. Was ist uns vom Krieg geblieben? Anja Kreysing (Musik und Film) und Anja Manleitner (Bilder und Texte) zeigen in &#8222;&#8230;bis in die siebte Generation&#8220; die auch heute noch wahrnehmbaren Nuancen eines Krieges, in dem 52 Millionen Menschen ihr Leben lie\u00dfen. Auswirkungen [&hellip;]<\/p>\n","protected":false},"author":1,"featured_media":59,"parent":0,"menu_order":1,"comment_status":"closed","ping_status":"closed","template":"","meta":{"footnotes":""},"class_list":["post-93","page","type-page","status-publish","has-post-thumbnail","hentry"],"_links":{"self":[{"href":"https:\/\/aniali.anjamanleitner.de\/index.php?rest_route=\/wp\/v2\/pages\/93","targetHints":{"allow":["GET"]}}],"collection":[{"href":"https:\/\/aniali.anjamanleitner.de\/index.php?rest_route=\/wp\/v2\/pages"}],"about":[{"href":"https:\/\/aniali.anjamanleitner.de\/index.php?rest_route=\/wp\/v2\/types\/page"}],"author":[{"embeddable":true,"href":"https:\/\/aniali.anjamanleitner.de\/index.php?rest_route=\/wp\/v2\/users\/1"}],"replies":[{"embeddable":true,"href":"https:\/\/aniali.anjamanleitner.de\/index.php?rest_route=%2Fwp%2Fv2%2Fcomments&post=93"}],"version-history":[{"count":7,"href":"https:\/\/aniali.anjamanleitner.de\/index.php?rest_route=\/wp\/v2\/pages\/93\/revisions"}],"predecessor-version":[{"id":130,"href":"https:\/\/aniali.anjamanleitner.de\/index.php?rest_route=\/wp\/v2\/pages\/93\/revisions\/130"}],"wp:featuredmedia":[{"embeddable":true,"href":"https:\/\/aniali.anjamanleitner.de\/index.php?rest_route=\/wp\/v2\/media\/59"}],"wp:attachment":[{"href":"https:\/\/aniali.anjamanleitner.de\/index.php?rest_route=%2Fwp%2Fv2%2Fmedia&parent=93"}],"curies":[{"name":"wp","href":"https:\/\/api.w.org\/{rel}","templated":true}]}}